{"id":12839,"date":"2025-05-04T11:53:16","date_gmt":"2025-05-04T11:53:16","guid":{"rendered":"https:\/\/soulreplica.shop\/?page_id=12839"},"modified":"2025-05-04T11:53:54","modified_gmt":"2025-05-04T11:53:54","slug":"terms-of-service","status":"publish","type":"page","link":"https:\/\/soulreplica.shop\/es\/terms-of-service\/","title":{"rendered":"Condiciones de uso"},"content":{"rendered":"<h5 class=\"wp-block-heading\">Condiciones de uso<\/h5>\n\n\n\n<p>Bienvenido a la <a href=\"https:\/\/soulreplica.shop\/es\/\">https:\/\/soulreplica.shop\/<\/a> sitio web de comercio electr\u00f3nico (en lo sucesivo, el \"Sitio Web\"). Lea atentamente las presentes Condiciones de uso (en lo sucesivo, las \"Condiciones\") antes de utilizar este sitio web. Al utilizar este sitio web, acepta quedar vinculado por estas Condiciones. Si no est\u00e1 de acuerdo con alguna de ellas, le rogamos que deje de utilizar este sitio web.<\/p>\n\n\n\n<p><strong>1. Registro y uso de la cuenta<\/strong><\/p>\n\n\n\n<ol class=\"wp-block-list\">\n<li><strong>Obligaciones de registro<\/strong>\u00a0: Al registrar una cuenta en este sitio web, debe proporcionar informaci\u00f3n personal verdadera, precisa, completa y actualizada, incluidos, entre otros, el nombre, la direcci\u00f3n de correo electr\u00f3nico, el n\u00famero de tel\u00e9fono m\u00f3vil, la contrase\u00f1a, etc. Usted es responsable de conservar correctamente la informaci\u00f3n de su cuenta y su contrase\u00f1a y de no revelarlas a terceros. Este sitio web no se hace responsable de las p\u00e9rdidas o da\u00f1os causados por el hecho de que usted no conserve correctamente la informaci\u00f3n de su cuenta.<\/li>\n\n\n\n<li><strong>Restricciones de uso de la cuenta<\/strong>\u00a0: S\u00f3lo podr\u00e1 utilizar su cuenta para realizar compras leg\u00edtimas y otras operaciones relacionadas con este sitio web. No podr\u00e1 utilizar su cuenta para realizar actos ilegales, fraudulentos, infractores u otros actos que infrinjan estas Condiciones, incluidos, entre otros, pedidos falsos, rese\u00f1as malintencionadas, infracci\u00f3n de los derechos de propiedad intelectual de terceros, etc. Este sitio web se reserva el derecho de cancelar su cuenta en cualquier momento si consideramos que ha infringido las disposiciones de estas Condiciones.<\/li>\n<\/ol>\n\n\n\n<p><strong>2. Informaci\u00f3n y compra de productos<\/strong><\/p>\n\n\n\n<ol class=\"wp-block-list\">\n<li><strong>Exactitud de la informaci\u00f3n sobre el producto<\/strong>\u00a0: Este sitio web se esfuerza por garantizar la exactitud e integridad de la informaci\u00f3n sobre los productos mostrada (incluidos, entre otros, los nombres de los productos, im\u00e1genes, descripciones, precios, especificaciones, etc.). Sin embargo, dado que la informaci\u00f3n sobre los productos puede variar debido a cambios en los proveedores, el inventario u otras razones, no podemos garantizar que la informaci\u00f3n sobre los productos sea siempre completamente exacta. Le rogamos que compruebe detenidamente la informaci\u00f3n del producto antes de realizar un pedido para adquirirlo. Si tiene alguna duda sobre la informaci\u00f3n del producto, p\u00f3ngase en contacto con nuestro equipo de atenci\u00f3n al cliente antes de realizar el pedido.<\/li>\n\n\n\n<li><strong>Generaci\u00f3n y confirmaci\u00f3n de pedidos<\/strong>\u00a0: Cuando seleccione un producto en este sitio web y env\u00ede un pedido, recibir\u00e1 un mensaje de confirmaci\u00f3n de pedido, que contiene los detalles de su pedido, el precio del producto, los gastos de env\u00edo, el plazo de entrega estimado, etc. La informaci\u00f3n de confirmaci\u00f3n del pedido no significa que este sitio web haya aceptado su pedido, sino que s\u00f3lo significa que hemos recibido su solicitud de pedido. Este sitio web tiene derecho a revisar su pedido antes de enviarlo. Si encontramos alg\u00fan problema con su pedido (como falta de existencias, precio incorrecto, informaci\u00f3n incompleta, etc.), nos pondremos en contacto con usted y negociaremos una soluci\u00f3n. Si no podemos llegar a un acuerdo con usted o no podemos resolver el problema del pedido, este sitio web tiene derecho a cancelar su pedido y reembolsarle el importe que haya pagado.<\/li>\n\n\n\n<li><strong>Precio y forma de pago<\/strong>\u00a0: Los precios de los productos se indican en este sitio web y pueden cambiar debido a actividades promocionales, cambios en el mercado u otras razones. Cuando realiza un pedido, el precio que aparece en la p\u00e1gina de pedido es el precio que debe pagar. Este sitio web acepta diversos m\u00e9todos de pago, como tarjetas de cr\u00e9dito, tarjetas de d\u00e9bito, plataformas de pago de terceros, etc. Debe completar la operaci\u00f3n de pago de acuerdo con el proceso de pago de este sitio web. Durante el proceso de pago, debe asegurarse de que la informaci\u00f3n de pago facilitada es correcta y cumple la normativa de las instituciones de pago pertinentes. Si su informaci\u00f3n de pago es incorrecta o incumple la normativa de pago, lo que provocar\u00eda un fallo en el pago u otros problemas, este sitio web no se hace responsable.<\/li>\n<\/ol>\n\n\n\n<p><strong>3. Entrega y log\u00edstica<\/strong><\/p>\n\n\n\n<ol class=\"wp-block-list\">\n<li><strong>Plazo de entrega<\/strong>\u00a0: Este sitio web har\u00e1 todo lo posible para entregar la mercanc\u00eda de acuerdo con el plazo de entrega estimado en la informaci\u00f3n de confirmaci\u00f3n del pedido. Sin embargo, debido a diversas circunstancias imprevistas (como el clima, el tr\u00e1fico, las aduanas, etc.) durante el proceso de transporte log\u00edstico, el plazo de entrega puede retrasarse. Le informaremos puntualmente de los cambios en el plazo de entrega y le ayudaremos a comprobar el estado log\u00edstico de su pedido.<\/li>\n\n\n\n<li><strong>Lugar de entrega<\/strong>\u00a0: Los productos se entregar\u00e1n en la direcci\u00f3n de entrega que indique en el pedido. Aseg\u00farese de que la direcci\u00f3n de entrega es correcta. Si la mercanc\u00eda no puede entregarse o se retrasa debido a una direcci\u00f3n de entrega incorrecta, este sitio web no se har\u00e1 responsable.<\/li>\n\n\n\n<li><strong>Responsabilidad log\u00edstica<\/strong>\u00a0: Este sitio web seleccionar\u00e1 una empresa log\u00edstica adecuada que se encargar\u00e1 del transporte de las mercanc\u00edas. Una vez entregada la mercanc\u00eda a la empresa de log\u00edstica, los riesgos y responsabilidades del proceso log\u00edstico correr\u00e1n a cargo de la empresa de log\u00edstica. Si la mercanc\u00eda se da\u00f1a o se pierde durante el transporte, debe ponerse en contacto a tiempo con la empresa de log\u00edstica y presentar una reclamaci\u00f3n de acuerdo con la normativa de la empresa de log\u00edstica. Este sitio web le ayudar\u00e1 a gestionar las cuestiones de comunicaci\u00f3n y coordinaci\u00f3n con la empresa de log\u00edstica.<\/li>\n<\/ol>\n\n\n\n<p><strong>4. Servicio postventa<\/strong><\/p>\n\n\n\n<ol class=\"wp-block-list\">\n<li><strong>Pol\u00edtica de cambios y devoluciones<\/strong>\u00a0: Tiene derecho a solicitar una devoluci\u00f3n o un cambio si se ajusta a la pol\u00edtica de devoluciones y cambios de este sitio web. El contenido espec\u00edfico de la pol\u00edtica de cambios y devoluciones puede consultarse en la p\u00e1gina \"Servicio posventa\" de este sitio web. En general, debe solicitar la devoluci\u00f3n o el cambio en un plazo determinado tras la recepci\u00f3n de la mercanc\u00eda (como 7 d\u00edas o 15 d\u00edas, el plazo espec\u00edfico depende de la categor\u00eda de la mercanc\u00eda), y asegurarse de que la mercanc\u00eda permanece en su estado original, sin usar y con el embalaje intacto. Este sitio web revisar\u00e1 su solicitud de devoluci\u00f3n o cambio despu\u00e9s de recibirla. Si se aprueba la revisi\u00f3n, nos encargaremos de los tr\u00e1mites de devoluci\u00f3n o cambio por usted y correremos con los gastos correspondientes (como los gastos de env\u00edo). Si su solicitud de devoluci\u00f3n o cambio no cumple las disposiciones de la pol\u00edtica, este sitio web tiene derecho a rechazar su solicitud.<\/li>\n\n\n\n<li><strong>Garant\u00eda de calidad<\/strong>\u00a0: Todos los productos vendidos en este sitio web tienen la correspondiente garant\u00eda de calidad. La duraci\u00f3n y el alcance de la garant\u00eda de calidad dependen del tipo y la marca del producto. Durante el periodo de garant\u00eda de calidad, si se produce alg\u00fan problema de calidad con el producto, puede ponerse en contacto con el equipo de atenci\u00f3n al cliente de este sitio web y le ayudaremos a resolver el problema, incluidos, entre otros, los servicios de reparaci\u00f3n, sustituci\u00f3n o devoluci\u00f3n.<\/li>\n<\/ol>\n\n\n\n<p><strong>V. Propiedad intelectual<\/strong><\/p>\n\n\n\n<ol class=\"wp-block-list\">\n<li><strong>Contenido del sitio web Propiedad intelectual<\/strong>\u00a0: Todo el contenido de este sitio web (incluidos, entre otros, textos, im\u00e1genes, gr\u00e1ficos, logotipos, audio, v\u00eddeo, software, programas, etc.) est\u00e1 protegido por las leyes de propiedad intelectual, y su titularidad corresponde a este sitio web o a los correspondientes titulares de los derechos. Sin el permiso por escrito de este sitio web o de los titulares de los derechos pertinentes, no podr\u00e1 utilizar, copiar, difundir, modificar, adaptar, traducir, distribuir, mostrar o crear obras derivadas sin autorizaci\u00f3n.<\/li>\n\n\n\n<li><strong>Derechos de propiedad intelectual de los bienes<\/strong>\u00a0: Las mercanc\u00edas vendidas en este sitio web pueden implicar diversos derechos de propiedad intelectual, como derechos de marca, derechos de patente, derechos de autor, etc. Usted debe respetar los derechos de propiedad intelectual de los productos y no debe realizar ning\u00fan acto que infrinja los derechos de propiedad intelectual de los productos. Si tiene alguna pregunta o queja sobre los derechos de propiedad intelectual de los productos, p\u00f3ngase en contacto con el equipo de atenci\u00f3n al cliente de este sitio web y le ayudaremos a gestionar los asuntos pertinentes.<\/li>\n<\/ol>\n\n\n\n<p><strong>VI. Limitaci\u00f3n de responsabilidad y descargo de responsabilidad<\/strong><\/p>\n\n\n\n<ol class=\"wp-block-list\">\n<li><strong>Limitaci\u00f3n de responsabilidad<\/strong>\u00a0: En cualquier caso, este sitio web no ser\u00e1 responsable de los da\u00f1os directos, indirectos, fortuitos, especiales, punitivos o de otro tipo (incluidos, entre otros, el lucro cesante, la interrupci\u00f3n de la actividad empresarial, la p\u00e9rdida de datos, los da\u00f1os a equipos, etc.) derivados del uso que usted haga de este sitio web, a menos que dichos da\u00f1os se deban a una negligencia intencionada o grave de este sitio web. En cualquier caso, el importe total de la responsabilidad indemnizatoria de este sitio web frente a usted no superar\u00e1 el importe que usted pag\u00f3 por los productos adquiridos en este sitio web.<\/li>\n\n\n\n<li><strong>Descargo de responsabilidad<\/strong>\u00a0: Este sitio web no garantiza que el servicio de este sitio web sea ininterrumpido, est\u00e9 libre de errores o fallos, ni que este sitio web pueda satisfacer todas sus necesidades o expectativas. Este sitio web no es responsable de las interrupciones del servicio u otros problemas causados por causas de fuerza mayor (como cat\u00e1strofes naturales, guerras, acciones gubernamentales, fallos de la red, ataques de piratas inform\u00e1ticos, etc.). Este sitio web no es responsable de los problemas causados por el uso de servicios de terceros (como empresas de log\u00edstica, entidades de pago, etc.), a menos que este sitio web sea culpable de la selecci\u00f3n de proveedores de servicios de terceros.<\/li>\n<\/ol>\n\n\n\n<p><strong>VII. Modificaciones y rescisi\u00f3n de las condiciones<\/strong><\/p>\n\n\n\n<ol class=\"wp-block-list\">\n<li><strong>Cambios en las condiciones<\/strong>\u00a0: Este sitio web se reserva el derecho a modificar las presentes condiciones en funci\u00f3n de las necesidades de desarrollo de la actividad o de cambios legislativos o reglamentarios. Las condiciones modificadas se publicar\u00e1n en este sitio web y entrar\u00e1n en vigor a partir de la fecha de su publicaci\u00f3n. Su uso continuado de este sitio web despu\u00e9s de que los t\u00e9rminos hayan sido cambiados constituir\u00e1 su acuerdo de estar obligado por los t\u00e9rminos modificados. Si no est\u00e1 de acuerdo con las condiciones modificadas, debe dejar de utilizar este sitio web.<\/li>\n\n\n\n<li><strong>Rescisi\u00f3n de las condiciones<\/strong>\u00a0: Este sitio web tiene derecho a rescindir estos T\u00e9rminos en cualquier momento si creemos que usted ha violado las disposiciones de estos T\u00e9rminos o necesita rescindir estos T\u00e9rminos por otras razones (como ajustes comerciales, cambios en las leyes y reglamentos, etc.). Tras la rescisi\u00f3n de los t\u00e9rminos, usted ya no tendr\u00e1 derecho a utilizar los servicios de este sitio web, pero este sitio web a\u00fan tiene derecho a conservar su informaci\u00f3n personal y los registros relacionados para cumplir con los requisitos legales u otros fines razonables.<\/li>\n<\/ol>\n\n\n\n<p><strong>8. Resoluci\u00f3n de litigios<\/strong><\/p>\n\n\n\n<ol class=\"wp-block-list\">\n<li>Si surge alguna disputa entre usted y este sitio web, deber\u00e1 resolverse en primer lugar mediante una negociaci\u00f3n amistosa. Si la negociaci\u00f3n fracasa, ambas partes acuerdan someter la disputa al Tribunal Popular con jurisdicci\u00f3n para litigios.<\/li>\n<\/ol>\n\n\n\n<p>El derecho de interpretaci\u00f3n de las presentes Condiciones Generales de Uso corresponde a\u00a0<a href=\"https:\/\/soulreplica.shop\/es\/\">https:\/\/soulreplica.shop\/<\/a>\u00a0y surtir\u00e1 efecto a partir de la fecha de publicaci\u00f3n.<\/p>","protected":false},"excerpt":{"rendered":"<p>Terms and Conditions of Use Welcome to the https:\/\/soulreplica.shop\/ e-commerce website (hereinafter referred to as the &#8220;Website&#8221;). Please read these<\/p>","protected":false},"author":1,"featured_media":0,"parent":0,"menu_order":0,"comment_status":"closed","ping_status":"closed","template":"","meta":{"_seopress_robots_primary_cat":"","_seopress_titles_title":"","_seopress_titles_desc":"","_seopress_robots_index":"","footnotes":""},"class_list":["post-12839","page","type-page","status-publish","hentry"],"jetpack_sharing_enabled":true,"_links":{"self":[{"href":"https:\/\/soulreplica.shop\/es\/wp-json\/wp\/v2\/pages\/12839","targetHints":{"allow":["GET"]}}],"collection":[{"href":"https:\/\/soulreplica.shop\/es\/wp-json\/wp\/v2\/pages"}],"about":[{"href":"https:\/\/soulreplica.shop\/es\/wp-json\/wp\/v2\/types\/page"}],"author":[{"embeddable":true,"href":"https:\/\/soulreplica.shop\/es\/wp-json\/wp\/v2\/users\/1"}],"replies":[{"embeddable":true,"href":"https:\/\/soulreplica.shop\/es\/wp-json\/wp\/v2\/comments?post=12839"}],"version-history":[{"count":1,"href":"https:\/\/soulreplica.shop\/es\/wp-json\/wp\/v2\/pages\/12839\/revisions"}],"predecessor-version":[{"id":12840,"href":"https:\/\/soulreplica.shop\/es\/wp-json\/wp\/v2\/pages\/12839\/revisions\/12840"}],"wp:attachment":[{"href":"https:\/\/soulreplica.shop\/es\/wp-json\/wp\/v2\/media?parent=12839"}],"curies":[{"name":"wp","href":"https:\/\/api.w.org\/{rel}","templated":true}]}}