{"id":31,"date":"2023-04-20T11:47:35","date_gmt":"2023-04-20T11:47:35","guid":{"rendered":"https:\/\/dummy.xtemos.com\/woodmart2\/furniture2-elementor\/?page_id=31"},"modified":"2025-05-04T09:58:15","modified_gmt":"2025-05-04T09:58:15","slug":"about-us-2","status":"publish","type":"page","link":"https:\/\/soulreplica.shop\/es\/about-us-2\/","title":{"rendered":"Qui\u00e9nes somos"},"content":{"rendered":"<div data-elementor-type=\"wp-page\" data-elementor-id=\"31\" class=\"elementor elementor-31\" data-elementor-post-type=\"page\">\n\t\t\t\t<div class=\"wd-negative-gap elementor-element elementor-element-558899b e-flex e-con-boxed e-con e-parent\" data-id=\"558899b\" data-element_type=\"container\">\n\t\t\t\t\t<div class=\"e-con-inner\">\n\t\t<div class=\"elementor-element elementor-element-9aff3ab e-con-full e-flex e-con e-child\" data-id=\"9aff3ab\" data-element_type=\"container\">\n\t\t\t\t<div class=\"elementor-element elementor-element-cfd9ca0 wd-width-100 elementor-widget elementor-widget-wd_images_gallery\" data-id=\"cfd9ca0\" data-element_type=\"widget\" data-widget_type=\"wd_images_gallery.default\">\n\t\t\t\t<div class=\"elementor-widget-container\">\n\t\t\t\t\t\t\t<div class=\"wd-images-gallery photoswipe-images\" style=\"--wd-align-items:center; --wd-justify-content:center;\">\n\t\t\t\t\t\t<div class=\"wd-grid-g\" style=\"--wd-col-lg:2;--wd-col-md:2;--wd-col-sm:2;--wd-gap-lg:20px;--wd-gap-sm:10px;\" >\n\t\t\t\t\t\t\t\t\t\t\t\t\t\t\t\t\t\t<div class=\"wd-gallery-item wd-col\">\n\t\t\t\t\t\t\t\t\t\t\t\t\t<a  href=\"https:\/\/soulreplica.shop\/wp-content\/uploads\/2025\/05\/about.jpg\" data-width=\"1200\" data-height=\"1500\" data-index=\"1\" data-elementor-open-lightbox=\"no\">\n\t\t\t\t\t\t\n\t\t\t\t\t\t<img fetchpriority=\"high\" decoding=\"async\" width=\"1200\" height=\"1500\" src=\"https:\/\/soulreplica.shop\/wp-content\/uploads\/2025\/05\/about.jpg\" class=\"attachment-full size-full\" alt=\"about\" srcset=\"https:\/\/soulreplica.shop\/wp-content\/uploads\/2025\/05\/about.jpg 1200w, https:\/\/soulreplica.shop\/wp-content\/uploads\/2025\/05\/about-240x300.jpg 240w, https:\/\/soulreplica.shop\/wp-content\/uploads\/2025\/05\/about-819x1024.jpg 819w, https:\/\/soulreplica.shop\/wp-content\/uploads\/2025\/05\/about-768x960.jpg 768w, https:\/\/soulreplica.shop\/wp-content\/uploads\/2025\/05\/about-10x12.jpg 10w, https:\/\/soulreplica.shop\/wp-content\/uploads\/2025\/05\/about-150x188.jpg 150w\" sizes=\"(max-width: 1200px) 100vw, 1200px\" \/>\n\t\t\t\t\t\t\t\t\t\t\t\t\t<\/a>\n\t\t\t\t\t\t\t\t\t\t\t<\/div>\n\t\t\t\t\t\t\t\t\t\t\t\t\t\t\t<div class=\"wd-gallery-item wd-col\">\n\t\t\t\t\t\t\t\t\t\t\t\t\t<a  href=\"https:\/\/soulreplica.shop\/wp-content\/uploads\/2025\/05\/\u4f7f\u547d.jpg\" data-width=\"735\" data-height=\"903\" data-index=\"2\" data-elementor-open-lightbox=\"no\">\n\t\t\t\t\t\t\n\t\t\t\t\t\t<img decoding=\"async\" width=\"735\" height=\"903\" src=\"https:\/\/soulreplica.shop\/wp-content\/uploads\/2025\/05\/\u4f7f\u547d.jpg\" class=\"attachment-full size-full\" alt=\"\u4f7f\u547d\" srcset=\"https:\/\/soulreplica.shop\/wp-content\/uploads\/2025\/05\/\u4f7f\u547d.jpg 735w, https:\/\/soulreplica.shop\/wp-content\/uploads\/2025\/05\/\u4f7f\u547d-244x300.jpg 244w, https:\/\/soulreplica.shop\/wp-content\/uploads\/2025\/05\/\u4f7f\u547d-10x12.jpg 10w, https:\/\/soulreplica.shop\/wp-content\/uploads\/2025\/05\/\u4f7f\u547d-150x184.jpg 150w\" sizes=\"(max-width: 735px) 100vw, 735px\" \/>\n\t\t\t\t\t\t\t\t\t\t\t\t\t<\/a>\n\t\t\t\t\t\t\t\t\t\t\t<\/div>\n\t\t\t\t\t\t\t\t\t\t\t\t\t<\/div>\n\t\t\t\t\t<\/div>\n\t\t\t\t\t\t<\/div>\n\t\t\t\t<\/div>\n\t\t\t\t<\/div>\n\t\t<div class=\"elementor-element elementor-element-af8043f e-con-full e-flex e-con e-child\" data-id=\"af8043f\" data-element_type=\"container\">\n\t\t\t\t<div class=\"elementor-element elementor-element-78a5da3 wd-width-100 elementor-widget elementor-widget-wd_title\" data-id=\"78a5da3\" data-element_type=\"widget\" data-widget_type=\"wd_title.default\">\n\t\t\t\t<div class=\"elementor-widget-container\">\n\t\t\t\t\t\t\t<div class=\"title-wrapper wd-set-mb reset-last-child wd-title-color-default wd-title-style-default wd-title-size-large text-left\">\n\n\t\t\t\n\t\t\t<div class=\"liner-continer\">\n\t\t\t\t<h4 class=\"woodmart-title-container title wd-fontsize-xxl\">Soulreplica- Poner el lujo al alcance de la mano<\/h4> \n\t\t\t\t\t\t\t<\/div>\n\n\t\t\t\t\t<\/div>\n\t\t\t\t\t\t<\/div>\n\t\t\t\t<\/div>\n\t\t\t\t<div class=\"elementor-element elementor-element-49b9a13 elementor-widget elementor-widget-wd_text_block\" data-id=\"49b9a13\" data-element_type=\"widget\" data-widget_type=\"wd_text_block.default\">\n\t\t\t\t<div class=\"elementor-widget-container\">\n\t\t\t\t\t\t\t<div class=\"wd-text-block reset-last-child text-left\">\n\t\t\t\n\t\t\t<p>Hubo un tiempo en que los art\u00edculos de lujo parec\u00edan estar siempre en lo alto del cielo, como si las estrellas estuvieran fuera de nuestro alcance. \u00bfHubo alguna vez en la que, de camino a comprar, alberg\u00f3 el anhelo de lujo, fantaseando secretamente en su coraz\u00f3n con la posibilidad de poseer un bolso de alta gama, s\u00f3lo para verse disuadida por el elevado precio y regresar a casa con una sensaci\u00f3n de p\u00e9rdida? Tranquilas, queridas amantes del lujo, \u00a1estamos aqu\u00ed para salvaros!<\/p><p>Bienvenido a Soulreplica, donde puedes tener los lujos de tus sue\u00f1os. A nuestros ojos, los lujos no deber\u00edan ser exclusivos de unos pocos, \u00a1sino el derecho de toda persona que ama la vida! Somos una cadena de suministro profesional de art\u00edculos de lujo de primera calidad, como un \"m\u00e9dico\" del lujo que se esfuerza por alcanzar la excelencia, proporcionando r\u00e9plicas de art\u00edculos de lujo de la m\u00e1s alta calidad a consumidores de todo el mundo.<\/p><p>Imagine las ajetreadas calles de Asia o los rom\u00e1nticos callejones de Europa, est\u00e9 donde est\u00e9, nuestros art\u00edculos de lujo le seguir\u00e1n y a\u00f1adir\u00e1n tranquilamente un toque de color a su vida. Nuestros productos se venden en todo el mundo, gracias a nuestros atentos socios y fieles clientes, su apoyo nos ha convertido en una \"estrella del lujo\" en Sydney, Nueva York, Tokio, etc., para que todos puedan disfrutar del lujo que antes s\u00f3lo quer\u00edan admirar de la forma m\u00e1s rentable.<\/p><p>\u00bfEst\u00e1 emocionado? Por supuesto que s\u00ed. Prometemos ser eficientes, de alta calidad, rentables como n\u00facleo, en el desarrollo futuro, siempre orientados a la satisfacci\u00f3n del cliente, para que pueda obtener la verdadera experiencia de lujo con menos coste. Es simplemente la \"est\u00e9tica del hombre recto\" del lujo, que enciende su deseo de comprar en un segundo.<i><\/i><\/p>\n\t\t\t\t\t<\/div>\n\t\t\t\t\t\t<\/div>\n\t\t\t\t<\/div>\n\t\t\t\t<\/div>\n\t\t\t\t\t<\/div>\n\t\t\t\t<\/div>\n\t\t\t\t<\/div>","protected":false},"excerpt":{"rendered":"<p>Soulreplica- Make luxury within reach Once upon a time, luxury goods always seemed to be high up in the sky,<\/p>","protected":false},"author":1,"featured_media":0,"parent":0,"menu_order":0,"comment_status":"closed","ping_status":"closed","template":"","meta":{"_seopress_robots_primary_cat":"","_seopress_titles_title":"","_seopress_titles_desc":"","_seopress_robots_index":"","footnotes":""},"class_list":["post-31","page","type-page","status-publish","hentry"],"jetpack_sharing_enabled":true,"_links":{"self":[{"href":"https:\/\/soulreplica.shop\/es\/wp-json\/wp\/v2\/pages\/31","targetHints":{"allow":["GET"]}}],"collection":[{"href":"https:\/\/soulreplica.shop\/es\/wp-json\/wp\/v2\/pages"}],"about":[{"href":"https:\/\/soulreplica.shop\/es\/wp-json\/wp\/v2\/types\/page"}],"author":[{"embeddable":true,"href":"https:\/\/soulreplica.shop\/es\/wp-json\/wp\/v2\/users\/1"}],"replies":[{"embeddable":true,"href":"https:\/\/soulreplica.shop\/es\/wp-json\/wp\/v2\/comments?post=31"}],"version-history":[{"count":3,"href":"https:\/\/soulreplica.shop\/es\/wp-json\/wp\/v2\/pages\/31\/revisions"}],"predecessor-version":[{"id":12827,"href":"https:\/\/soulreplica.shop\/es\/wp-json\/wp\/v2\/pages\/31\/revisions\/12827"}],"wp:attachment":[{"href":"https:\/\/soulreplica.shop\/es\/wp-json\/wp\/v2\/media?parent=31"}],"curies":[{"name":"wp","href":"https:\/\/api.w.org\/{rel}","templated":true}]}}