{"id":12692,"date":"2025-05-04T06:01:35","date_gmt":"2025-05-04T06:01:35","guid":{"rendered":"https:\/\/soulreplica.shop\/?post_type=product&#038;p=12692"},"modified":"2025-05-05T02:16:18","modified_gmt":"2025-05-05T02:16:18","slug":"natural-gemstone-medium-lucky-clover-necklace-carnelian","status":"publish","type":"product","link":"https:\/\/soulreplica.shop\/es\/producto\/natural-gemstone-medium-lucky-clover-necklace-carnelian\/","title":{"rendered":"Piedra Natural Collar Tr\u00e9bol de la Suerte Mediano - Cornalina"},"content":{"rendered":"<p><img alt=\"\" fetchpriority=\"high\" decoding=\"async\" class=\"alignnone size-full wp-image-12714\" src=\"http:\/\/soulreplica.shop\/wp-content\/uploads\/2025\/05\/\u4e0b\u8f7d.jpg\" width=\"1200\" height=\"1200\" srcset=\"https:\/\/soulreplica.shop\/wp-content\/uploads\/2025\/05\/\u4e0b\u8f7d.jpg 1200w, https:\/\/soulreplica.shop\/wp-content\/uploads\/2025\/05\/\u4e0b\u8f7d-300x300.jpg 300w, https:\/\/soulreplica.shop\/wp-content\/uploads\/2025\/05\/\u4e0b\u8f7d-1024x1024.jpg 1024w, https:\/\/soulreplica.shop\/wp-content\/uploads\/2025\/05\/\u4e0b\u8f7d-150x150.jpg 150w, https:\/\/soulreplica.shop\/wp-content\/uploads\/2025\/05\/\u4e0b\u8f7d-768x768.jpg 768w, https:\/\/soulreplica.shop\/wp-content\/uploads\/2025\/05\/\u4e0b\u8f7d-12x12.jpg 12w\" sizes=\"(max-width: 1200px) 100vw, 1200px\" \/><\/p>\n<p>&nbsp;<\/p>\n<p>Artesan\u00eda perfecta, utilizamos oro V para que sea lo m\u00e1s parecido posible, realmente se tarda m\u00e1s de un a\u00f1o o dos en desarrollarlo.<\/p>\n<p>En primer lugar, no hay hardware adicional en la conexi\u00f3n entre cada cuenta de tr\u00e9bol de cuatro hojas y los accesorios de piedra natural. Muchas versiones de chatarra en el mercado tienen hardware adicional, al igual que una l\u00ednea, y algunas garras y el tal\u00f3n est\u00e1n directamente separated\u2757This es en \u00faltima instancia debido a la artesan\u00eda del maestro, la tecnolog\u00eda no es lo suficientemente fuerte, el costo de tiempo no es suficiente, y los bienes son, naturalmente, no good\u2757.<\/p>\n<p>En segundo lugar, el hardware entre el tal\u00f3n lateral y el tal\u00f3n es c\u00f3ncava, y el pulido es muy uniforme. La anchura y el grosor del herraje son muy moderados, y el reborde es muy tridimensional\u2757.<\/p>\n<p>En tercer lugar, el sello de acero contra la falsificaci\u00f3n\u2757Ha o\u00eddo bien, VCA tambi\u00e9n tiene un sello de acero\u2757Y es extremadamente dif\u00edcil. En la parte inferior del anillo peque\u00f1o, hay un sello de acero c\u00f3ncavo contra la falsificaci\u00f3n\u2757El coeficiente de dificultad es tan alto, que se puede imaginar\u2757.<\/p>\n<p>Cuarto , es decir, la materia prima de este accesorio principal, cada uno es pura malaquita natural, \u00e1gata negro, cornalina, concha blanca y azul chalcedony\ud83d\ude0eWhy estoy muy satisfecho con las piedras que uso, porque cada tipo de materia prima de piedra es la piedra en bruto que yo personalmente personalizado con el maestro en la f\u00e1brica, es decir, cada pieza de piedra materia prima es comprado por m\u00ed personalmente, sin un rastro de agua, y las materias primas de piedra comprados son procesados y pulidos en accesorios tr\u00e9bol de cuatro hojas. S\u00f3lo de esta manera podemos asegurar que cada tr\u00e9bol de cuatro hojas es genuino en las manos de customers\u2757.<\/p>\n<p>Al fin y al cabo, el coste de comprar piedras naturales reales de esta manera es 10 veces m\u00e1s caro que el de esas piedras falsas ya hechas que se venden en el mercado\u2757\u2757.<\/p>\n<p>Quinto, la cabeza de hebilla de diamante se revisa constantemente, no se califica, se vuelve a revisar, sigue sin calificarse y se vuelve a revisar. S\u00f3lo revisando y revisando constantemente podemos lograr la cabeza de hebilla actual, y s\u00f3lo una f\u00e1brica muy poderosa puede cooperar para producir una joya tan exquisita. No se puede producir s\u00f3lo por saberlo. Hay que tener maestros profesionales que cooperen para producir cosas tan perfectas.<\/p>\n<p>&nbsp;<\/p>\n<p><img alt=\"\" decoding=\"async\" class=\"alignnone size-medium wp-image-12688\" src=\"http:\/\/soulreplica.shop\/wp-content\/uploads\/2025\/05\/photo_2023-04-18_21-09-11_e86e577a-567b-4fdd-868c-3543b79e18d0-300x300.webp\" width=\"300\" height=\"300\" srcset=\"https:\/\/soulreplica.shop\/wp-content\/uploads\/2025\/05\/photo_2023-04-18_21-09-11_e86e577a-567b-4fdd-868c-3543b79e18d0-300x300.webp 300w, https:\/\/soulreplica.shop\/wp-content\/uploads\/2025\/05\/photo_2023-04-18_21-09-11_e86e577a-567b-4fdd-868c-3543b79e18d0-150x150.webp 150w, https:\/\/soulreplica.shop\/wp-content\/uploads\/2025\/05\/photo_2023-04-18_21-09-11_e86e577a-567b-4fdd-868c-3543b79e18d0-768x768.webp 768w, https:\/\/soulreplica.shop\/wp-content\/uploads\/2025\/05\/photo_2023-04-18_21-09-11_e86e577a-567b-4fdd-868c-3543b79e18d0-12x12.webp 12w, https:\/\/soulreplica.shop\/wp-content\/uploads\/2025\/05\/photo_2023-04-18_21-09-11_e86e577a-567b-4fdd-868c-3543b79e18d0.webp 1024w\" sizes=\"(max-width: 300px) 100vw, 300px\" \/> <img alt=\"\" decoding=\"async\" class=\"alignnone size-medium wp-image-12687\" src=\"http:\/\/soulreplica.shop\/wp-content\/uploads\/2025\/05\/sterling-silver-diamond-green-malachite-clover-necklace-camillaboutiqueshop-2-300x300.jpg\" width=\"300\" height=\"300\" srcset=\"https:\/\/soulreplica.shop\/wp-content\/uploads\/2025\/05\/sterling-silver-diamond-green-malachite-clover-necklace-camillaboutiqueshop-2-300x300.jpg 300w, https:\/\/soulreplica.shop\/wp-content\/uploads\/2025\/05\/sterling-silver-diamond-green-malachite-clover-necklace-camillaboutiqueshop-2-150x150.jpg 150w, https:\/\/soulreplica.shop\/wp-content\/uploads\/2025\/05\/sterling-silver-diamond-green-malachite-clover-necklace-camillaboutiqueshop-2-768x768.jpg 768w, https:\/\/soulreplica.shop\/wp-content\/uploads\/2025\/05\/sterling-silver-diamond-green-malachite-clover-necklace-camillaboutiqueshop-2-12x12.jpg 12w, https:\/\/soulreplica.shop\/wp-content\/uploads\/2025\/05\/sterling-silver-diamond-green-malachite-clover-necklace-camillaboutiqueshop-2.jpg 1000w\" sizes=\"(max-width: 300px) 100vw, 300px\" \/> <img alt=\"\" loading=\"lazy\" decoding=\"async\" class=\"alignnone size-medium wp-image-12686\" src=\"http:\/\/soulreplica.shop\/wp-content\/uploads\/2025\/05\/o02AKKALiQOBYmw3BIhlZIDiEARAipIvPjIAPtplv-dy-aweme-images_q75-283x300.webp\" width=\"283\" height=\"300\" srcset=\"https:\/\/soulreplica.shop\/wp-content\/uploads\/2025\/05\/o02AKKALiQOBYmw3BIhlZIDiEARAipIvPjIAPtplv-dy-aweme-images_q75-283x300.webp 283w, https:\/\/soulreplica.shop\/wp-content\/uploads\/2025\/05\/o02AKKALiQOBYmw3BIhlZIDiEARAipIvPjIAPtplv-dy-aweme-images_q75-768x813.webp 768w, https:\/\/soulreplica.shop\/wp-content\/uploads\/2025\/05\/o02AKKALiQOBYmw3BIhlZIDiEARAipIvPjIAPtplv-dy-aweme-images_q75-11x12.webp 11w, https:\/\/soulreplica.shop\/wp-content\/uploads\/2025\/05\/o02AKKALiQOBYmw3BIhlZIDiEARAipIvPjIAPtplv-dy-aweme-images_q75-150x159.webp 150w, https:\/\/soulreplica.shop\/wp-content\/uploads\/2025\/05\/o02AKKALiQOBYmw3BIhlZIDiEARAipIvPjIAPtplv-dy-aweme-images_q75.webp 957w\" sizes=\"(max-width: 283px) 100vw, 283px\" \/> <img alt=\"\" loading=\"lazy\" decoding=\"async\" class=\"alignnone size-medium wp-image-12685\" src=\"http:\/\/soulreplica.shop\/wp-content\/uploads\/2025\/05\/\u5fae\u4fe1\u56fe\u7247_20250504132547-300x300.jpg\" width=\"300\" height=\"300\" srcset=\"https:\/\/soulreplica.shop\/wp-content\/uploads\/2025\/05\/\u5fae\u4fe1\u56fe\u7247_20250504132547-300x300.jpg 300w, https:\/\/soulreplica.shop\/wp-content\/uploads\/2025\/05\/\u5fae\u4fe1\u56fe\u7247_20250504132547-150x150.jpg 150w, https:\/\/soulreplica.shop\/wp-content\/uploads\/2025\/05\/\u5fae\u4fe1\u56fe\u7247_20250504132547-768x768.jpg 768w, https:\/\/soulreplica.shop\/wp-content\/uploads\/2025\/05\/\u5fae\u4fe1\u56fe\u7247_20250504132547-12x12.jpg 12w, https:\/\/soulreplica.shop\/wp-content\/uploads\/2025\/05\/\u5fae\u4fe1\u56fe\u7247_20250504132547.jpg 800w\" sizes=\"(max-width: 300px) 100vw, 300px\" \/> <img alt=\"\" loading=\"lazy\" decoding=\"async\" class=\"alignnone size-medium wp-image-12684\" src=\"http:\/\/soulreplica.shop\/wp-content\/uploads\/2025\/05\/\u5fae\u4fe1\u56fe\u7247_20250504132557-249x300.jpg\" width=\"249\" height=\"300\" srcset=\"https:\/\/soulreplica.shop\/wp-content\/uploads\/2025\/05\/\u5fae\u4fe1\u56fe\u7247_20250504132557-249x300.jpg 249w, https:\/\/soulreplica.shop\/wp-content\/uploads\/2025\/05\/\u5fae\u4fe1\u56fe\u7247_20250504132557-851x1024.jpg 851w, https:\/\/soulreplica.shop\/wp-content\/uploads\/2025\/05\/\u5fae\u4fe1\u56fe\u7247_20250504132557-768x924.jpg 768w, https:\/\/soulreplica.shop\/wp-content\/uploads\/2025\/05\/\u5fae\u4fe1\u56fe\u7247_20250504132557-10x12.jpg 10w, https:\/\/soulreplica.shop\/wp-content\/uploads\/2025\/05\/\u5fae\u4fe1\u56fe\u7247_20250504132557-600x720.jpg 600w, https:\/\/soulreplica.shop\/wp-content\/uploads\/2025\/05\/\u5fae\u4fe1\u56fe\u7247_20250504132557-150x181.jpg 150w, https:\/\/soulreplica.shop\/wp-content\/uploads\/2025\/05\/\u5fae\u4fe1\u56fe\u7247_20250504132557.jpg 1080w\" sizes=\"(max-width: 249px) 100vw, 249px\" \/> <img alt=\"\" loading=\"lazy\" decoding=\"async\" class=\"alignnone size-medium wp-image-12683\" src=\"http:\/\/soulreplica.shop\/wp-content\/uploads\/2025\/05\/\u5fae\u4fe1\u56fe\u7247_20250504132604-300x300.jpg\" width=\"300\" height=\"300\" srcset=\"https:\/\/soulreplica.shop\/wp-content\/uploads\/2025\/05\/\u5fae\u4fe1\u56fe\u7247_20250504132604-300x300.jpg 300w, https:\/\/soulreplica.shop\/wp-content\/uploads\/2025\/05\/\u5fae\u4fe1\u56fe\u7247_20250504132604-1024x1024.jpg 1024w, https:\/\/soulreplica.shop\/wp-content\/uploads\/2025\/05\/\u5fae\u4fe1\u56fe\u7247_20250504132604-150x150.jpg 150w, https:\/\/soulreplica.shop\/wp-content\/uploads\/2025\/05\/\u5fae\u4fe1\u56fe\u7247_20250504132604-768x768.jpg 768w, https:\/\/soulreplica.shop\/wp-content\/uploads\/2025\/05\/\u5fae\u4fe1\u56fe\u7247_20250504132604-12x12.jpg 12w, https:\/\/soulreplica.shop\/wp-content\/uploads\/2025\/05\/\u5fae\u4fe1\u56fe\u7247_20250504132604.jpg 1080w\" sizes=\"(max-width: 300px) 100vw, 300px\" \/> <img alt=\"\" loading=\"lazy\" decoding=\"async\" class=\"alignnone size-medium wp-image-12682\" src=\"http:\/\/soulreplica.shop\/wp-content\/uploads\/2025\/05\/\u5fae\u4fe1\u56fe\u7247_20250504132610-300x300.jpg\" width=\"300\" height=\"300\" srcset=\"https:\/\/soulreplica.shop\/wp-content\/uploads\/2025\/05\/\u5fae\u4fe1\u56fe\u7247_20250504132610-300x300.jpg 300w, https:\/\/soulreplica.shop\/wp-content\/uploads\/2025\/05\/\u5fae\u4fe1\u56fe\u7247_20250504132610-1024x1024.jpg 1024w, https:\/\/soulreplica.shop\/wp-content\/uploads\/2025\/05\/\u5fae\u4fe1\u56fe\u7247_20250504132610-150x150.jpg 150w, https:\/\/soulreplica.shop\/wp-content\/uploads\/2025\/05\/\u5fae\u4fe1\u56fe\u7247_20250504132610-768x768.jpg 768w, https:\/\/soulreplica.shop\/wp-content\/uploads\/2025\/05\/\u5fae\u4fe1\u56fe\u7247_20250504132610-12x12.jpg 12w, https:\/\/soulreplica.shop\/wp-content\/uploads\/2025\/05\/\u5fae\u4fe1\u56fe\u7247_20250504132610.jpg 1080w\" sizes=\"(max-width: 300px) 100vw, 300px\" \/> <img alt=\"\" loading=\"lazy\" decoding=\"async\" class=\"alignnone size-medium wp-image-12681\" src=\"http:\/\/soulreplica.shop\/wp-content\/uploads\/2025\/05\/\u5fae\u4fe1\u56fe\u7247_20250504132614-300x300.jpg\" width=\"300\" height=\"300\" srcset=\"https:\/\/soulreplica.shop\/wp-content\/uploads\/2025\/05\/\u5fae\u4fe1\u56fe\u7247_20250504132614-300x300.jpg 300w, https:\/\/soulreplica.shop\/wp-content\/uploads\/2025\/05\/\u5fae\u4fe1\u56fe\u7247_20250504132614-1024x1024.jpg 1024w, https:\/\/soulreplica.shop\/wp-content\/uploads\/2025\/05\/\u5fae\u4fe1\u56fe\u7247_20250504132614-150x150.jpg 150w, https:\/\/soulreplica.shop\/wp-content\/uploads\/2025\/05\/\u5fae\u4fe1\u56fe\u7247_20250504132614-768x768.jpg 768w, https:\/\/soulreplica.shop\/wp-content\/uploads\/2025\/05\/\u5fae\u4fe1\u56fe\u7247_20250504132614-12x12.jpg 12w, https:\/\/soulreplica.shop\/wp-content\/uploads\/2025\/05\/\u5fae\u4fe1\u56fe\u7247_20250504132614.jpg 1080w\" sizes=\"(max-width: 300px) 100vw, 300px\" \/><\/p>","protected":false},"excerpt":{"rendered":"<table>\n<tbody>\n<tr>\n<td width=\"101\">Talla<\/td>\n<td width=\"101\">1,5CM, 42CM<\/td>\n<\/tr>\n<tr>\n<td width=\"101\">Material<\/td>\n<td width=\"101\">Piedra preciosa natural Plata de ley 925<\/td>\n<\/tr>\n<tr>\n<td width=\"101\">Tecnolog\u00eda<\/td>\n<td width=\"101\">Galvanoplastia<\/td>\n<\/tr>\n<\/tbody>\n<\/table>\n<p>El estilo cl\u00e1sico y atemporal es su primera opci\u00f3n para combinar a diario. Collar de tr\u00e9bol de cuatro hojas: No es s\u00f3lo un s\u00edmbolo de suerte, sino que cada material tiene tambi\u00e9n diferentes significados metaf\u00edsicos. Se considera una joya que puede traer buena suerte.<\/p>\n<p>\ud83d\udd34 Calcedonia roja: Vitalidad y Suerte: Simboliza el entusiasmo y la vitalidad, y puede aumentar la popularidad y la fortuna social.<br \/>\n\u26aa\ufe0f N\u00e1car Blanco: Protecci\u00f3n y pureza: Simboliza la tranquilidad y la dulzura. Es vers\u00e1til para el uso diario y adecuado para las personas que persiguen un estilo sencillo.<br \/>\n\u26ab\ufe0f \u00c1gata Negra: Coraje y fuerza: Representa la firme creencia y es adecuada para llevar en el lugar de trabajo, ya que implica \u00e9xito profesional y confianza en uno mismo.<br \/>\n\ud83d\udd35 Calcedonia Azul: Calma y Flor de Melocot\u00f3n: No s\u00f3lo implica paz interior, sino que tambi\u00e9n se relaciona con el encanto rom\u00e1ntico. Es blanca y refrescante para llevar en verano.<br \/>\n\ud83d\udfe2 Malaquita: Salud y Esperanza: Transmite bendiciones de vitalidad y avance profesional, adecuada para profesionales.<\/p>","protected":false},"featured_media":12703,"comment_status":"open","ping_status":"closed","template":"","meta":{"_seopress_robots_primary_cat":"none","_seopress_titles_title":"","_seopress_titles_desc":"","_seopress_robots_index":"","jetpack_publicize_message":"","jetpack_publicize_feature_enabled":true,"jetpack_social_post_already_shared":true,"jetpack_social_options":{"image_generator_settings":{"template":"highway","enabled":false},"version":2}},"product_cat":[145],"product_tag":[153,150],"class_list":["post-12692","product","type-product","status-publish","has-post-thumbnail","hentry","product_cat-necklaces","product_tag-carnelian","product_tag-four-leaf-clover-necklace"],"jetpack_publicize_connections":[],"jetpack_sharing_enabled":true,"_links":{"self":[{"href":"https:\/\/soulreplica.shop\/es\/wp-json\/wp\/v2\/product\/12692","targetHints":{"allow":["GET"]}}],"collection":[{"href":"https:\/\/soulreplica.shop\/es\/wp-json\/wp\/v2\/product"}],"about":[{"href":"https:\/\/soulreplica.shop\/es\/wp-json\/wp\/v2\/types\/product"}],"replies":[{"embeddable":true,"href":"https:\/\/soulreplica.shop\/es\/wp-json\/wp\/v2\/comments?post=12692"}],"version-history":[{"count":3,"href":"https:\/\/soulreplica.shop\/es\/wp-json\/wp\/v2\/product\/12692\/revisions"}],"predecessor-version":[{"id":12712,"href":"https:\/\/soulreplica.shop\/es\/wp-json\/wp\/v2\/product\/12692\/revisions\/12712"}],"wp:featuredmedia":[{"embeddable":true,"href":"https:\/\/soulreplica.shop\/es\/wp-json\/wp\/v2\/media\/12703"}],"wp:attachment":[{"href":"https:\/\/soulreplica.shop\/es\/wp-json\/wp\/v2\/media?parent=12692"}],"wp:term":[{"taxonomy":"product_cat","embeddable":true,"href":"https:\/\/soulreplica.shop\/es\/wp-json\/wp\/v2\/product_cat?post=12692"},{"taxonomy":"product_tag","embeddable":true,"href":"https:\/\/soulreplica.shop\/es\/wp-json\/wp\/v2\/product_tag?post=12692"}],"curies":[{"name":"wp","href":"https:\/\/api.w.org\/{rel}","templated":true}]}}