{"id":12862,"date":"2025-05-05T03:57:51","date_gmt":"2025-05-05T03:57:51","guid":{"rendered":"https:\/\/soulreplica.shop\/?post_type=product&#038;p=12862"},"modified":"2025-05-05T05:58:50","modified_gmt":"2025-05-05T05:58:50","slug":"natural-gemstone-lucky-five-flowers-bracelet-carnelian","status":"publish","type":"product","link":"https:\/\/soulreplica.shop\/es\/producto\/natural-gemstone-lucky-five-flowers-bracelet-carnelian\/","title":{"rendered":"Pulsera de Piedra Natural Cinco Flores de la Suerte-Carnelina"},"content":{"rendered":"<p><img alt=\"\" fetchpriority=\"high\" decoding=\"async\" class=\"alignnone size-full wp-image-12886\" src=\"http:\/\/soulreplica.shop\/wp-content\/uploads\/2025\/05\/i1718122281_296_3.jpg\" width=\"1440\" height=\"1920\" srcset=\"https:\/\/soulreplica.shop\/wp-content\/uploads\/2025\/05\/i1718122281_296_3.jpg 1440w, https:\/\/soulreplica.shop\/wp-content\/uploads\/2025\/05\/i1718122281_296_3-225x300.jpg 225w, https:\/\/soulreplica.shop\/wp-content\/uploads\/2025\/05\/i1718122281_296_3-768x1024.jpg 768w, https:\/\/soulreplica.shop\/wp-content\/uploads\/2025\/05\/i1718122281_296_3-1152x1536.jpg 1152w, https:\/\/soulreplica.shop\/wp-content\/uploads\/2025\/05\/i1718122281_296_3-9x12.jpg 9w, https:\/\/soulreplica.shop\/wp-content\/uploads\/2025\/05\/i1718122281_296_3-1200x1600.jpg 1200w, https:\/\/soulreplica.shop\/wp-content\/uploads\/2025\/05\/i1718122281_296_3-150x200.jpg 150w\" sizes=\"(max-width: 1440px) 100vw, 1440px\" \/><\/p>\n<p>Artesan\u00eda perfecta, utilizamos oro V para que sea lo m\u00e1s parecido posible, realmente se tarda m\u00e1s de un a\u00f1o o dos en desarrollarlo.<\/p>\n<p>En primer lugar, no hay hardware adicional en la conexi\u00f3n entre cada cuenta de tr\u00e9bol de cuatro hojas y los accesorios de piedra natural. Muchas versiones de chatarra en el mercado tienen hardware adicional, al igual que una l\u00ednea, y algunas garras y el tal\u00f3n est\u00e1n directamente separated\u2757This es en \u00faltima instancia debido a la artesan\u00eda del maestro, la tecnolog\u00eda no es lo suficientemente fuerte, el costo de tiempo no es suficiente, y los bienes son, naturalmente, no good\u2757.<\/p>\n<p>En segundo lugar, el hardware entre el tal\u00f3n lateral y el tal\u00f3n es c\u00f3ncava, y el pulido es muy uniforme. La anchura y el grosor del herraje son muy moderados, y el reborde es muy tridimensional\u2757.<\/p>\n<p>En tercer lugar, el sello de acero contra la falsificaci\u00f3n\u2757Ha o\u00eddo bien, VCA tambi\u00e9n tiene un sello de acero\u2757Y es extremadamente dif\u00edcil. En la parte inferior del anillo peque\u00f1o, hay un sello de acero c\u00f3ncavo contra la falsificaci\u00f3n\u2757El coeficiente de dificultad es tan alto, que se puede imaginar\u2757.<\/p>\n<p>Cuarto , es decir, la materia prima de este accesorio principal, cada uno es pura malaquita natural, \u00e1gata negro, cornalina, concha blanca y azul chalcedony\ud83d\ude0eWhy estoy muy satisfecho con las piedras que uso, porque cada tipo de materia prima de piedra es la piedra en bruto que yo personalmente personalizado con el maestro en la f\u00e1brica, es decir, cada pieza de piedra materia prima es comprado por m\u00ed personalmente, sin un rastro de agua, y las materias primas de piedra comprados son procesados y pulidos en accesorios tr\u00e9bol de cuatro hojas. S\u00f3lo de esta manera podemos asegurar que cada tr\u00e9bol de cuatro hojas es genuino en las manos de customers\u2757.<\/p>\n<p>Al fin y al cabo, el coste de comprar piedras naturales reales de esta manera es 10 veces m\u00e1s caro que el de esas piedras falsas ya hechas que se venden en el mercado\u2757\u2757.<\/p>\n<p>Quinto, la cabeza de hebilla de diamante se revisa constantemente, no se califica, se vuelve a revisar, sigue sin calificarse y se vuelve a revisar. S\u00f3lo revisando y revisando constantemente podemos lograr la cabeza de hebilla actual, y s\u00f3lo una f\u00e1brica muy poderosa puede cooperar para producir una joya tan exquisita. No se puede producir s\u00f3lo por saberlo. Hay que tener maestros profesionales que cooperen para producir cosas tan perfectas.<\/p>\n<p><img alt=\"\" decoding=\"async\" class=\"alignnone size-full wp-image-12927\" src=\"http:\/\/soulreplica.shop\/wp-content\/uploads\/2025\/05\/i1737213101810_3660_0_3-1.jpg\" width=\"2123\" height=\"1440\" srcset=\"https:\/\/soulreplica.shop\/wp-content\/uploads\/2025\/05\/i1737213101810_3660_0_3-1.jpg 2123w, https:\/\/soulreplica.shop\/wp-content\/uploads\/2025\/05\/i1737213101810_3660_0_3-1-300x203.jpg 300w, https:\/\/soulreplica.shop\/wp-content\/uploads\/2025\/05\/i1737213101810_3660_0_3-1-1024x695.jpg 1024w, https:\/\/soulreplica.shop\/wp-content\/uploads\/2025\/05\/i1737213101810_3660_0_3-1-768x521.jpg 768w, https:\/\/soulreplica.shop\/wp-content\/uploads\/2025\/05\/i1737213101810_3660_0_3-1-1536x1042.jpg 1536w, https:\/\/soulreplica.shop\/wp-content\/uploads\/2025\/05\/i1737213101810_3660_0_3-1-2048x1389.jpg 2048w, https:\/\/soulreplica.shop\/wp-content\/uploads\/2025\/05\/i1737213101810_3660_0_3-1-18x12.jpg 18w, https:\/\/soulreplica.shop\/wp-content\/uploads\/2025\/05\/i1737213101810_3660_0_3-1-1200x814.jpg 1200w, https:\/\/soulreplica.shop\/wp-content\/uploads\/2025\/05\/i1737213101810_3660_0_3-1-150x102.jpg 150w\" sizes=\"(max-width: 2123px) 100vw, 2123px\" \/> <img alt=\"\" decoding=\"async\" class=\"alignnone size-full wp-image-12928\" src=\"http:\/\/soulreplica.shop\/wp-content\/uploads\/2025\/05\/i1737213101811_916_0_2-1.jpg\" width=\"2183\" height=\"1440\" srcset=\"https:\/\/soulreplica.shop\/wp-content\/uploads\/2025\/05\/i1737213101811_916_0_2-1.jpg 2183w, https:\/\/soulreplica.shop\/wp-content\/uploads\/2025\/05\/i1737213101811_916_0_2-1-300x198.jpg 300w, https:\/\/soulreplica.shop\/wp-content\/uploads\/2025\/05\/i1737213101811_916_0_2-1-1024x675.jpg 1024w, https:\/\/soulreplica.shop\/wp-content\/uploads\/2025\/05\/i1737213101811_916_0_2-1-768x507.jpg 768w, https:\/\/soulreplica.shop\/wp-content\/uploads\/2025\/05\/i1737213101811_916_0_2-1-1536x1013.jpg 1536w, https:\/\/soulreplica.shop\/wp-content\/uploads\/2025\/05\/i1737213101811_916_0_2-1-2048x1351.jpg 2048w, https:\/\/soulreplica.shop\/wp-content\/uploads\/2025\/05\/i1737213101811_916_0_2-1-18x12.jpg 18w, https:\/\/soulreplica.shop\/wp-content\/uploads\/2025\/05\/i1737213101811_916_0_2-1-1200x792.jpg 1200w, https:\/\/soulreplica.shop\/wp-content\/uploads\/2025\/05\/i1737213101811_916_0_2-1-150x99.jpg 150w\" sizes=\"(max-width: 2183px) 100vw, 2183px\" \/> <img alt=\"\" loading=\"lazy\" decoding=\"async\" class=\"alignnone size-full wp-image-12929\" src=\"http:\/\/soulreplica.shop\/wp-content\/uploads\/2025\/05\/i1737213101810_8576_0_1-1.jpg\" width=\"1795\" height=\"1440\" srcset=\"https:\/\/soulreplica.shop\/wp-content\/uploads\/2025\/05\/i1737213101810_8576_0_1-1.jpg 1795w, https:\/\/soulreplica.shop\/wp-content\/uploads\/2025\/05\/i1737213101810_8576_0_1-1-300x241.jpg 300w, https:\/\/soulreplica.shop\/wp-content\/uploads\/2025\/05\/i1737213101810_8576_0_1-1-1024x821.jpg 1024w, https:\/\/soulreplica.shop\/wp-content\/uploads\/2025\/05\/i1737213101810_8576_0_1-1-768x616.jpg 768w, https:\/\/soulreplica.shop\/wp-content\/uploads\/2025\/05\/i1737213101810_8576_0_1-1-1536x1232.jpg 1536w, https:\/\/soulreplica.shop\/wp-content\/uploads\/2025\/05\/i1737213101810_8576_0_1-1-15x12.jpg 15w, https:\/\/soulreplica.shop\/wp-content\/uploads\/2025\/05\/i1737213101810_8576_0_1-1-1200x963.jpg 1200w, https:\/\/soulreplica.shop\/wp-content\/uploads\/2025\/05\/i1737213101810_8576_0_1-1-150x120.jpg 150w\" sizes=\"(max-width: 1795px) 100vw, 1795px\" \/><\/p>\n<p><img alt=\"\" loading=\"lazy\" decoding=\"async\" class=\"alignnone size-full wp-image-12887\" src=\"http:\/\/soulreplica.shop\/wp-content\/uploads\/2025\/05\/i1737213101811_2204_0_0.jpg\" width=\"2192\" height=\"1440\" srcset=\"https:\/\/soulreplica.shop\/wp-content\/uploads\/2025\/05\/i1737213101811_2204_0_0.jpg 2192w, https:\/\/soulreplica.shop\/wp-content\/uploads\/2025\/05\/i1737213101811_2204_0_0-300x197.jpg 300w, https:\/\/soulreplica.shop\/wp-content\/uploads\/2025\/05\/i1737213101811_2204_0_0-1024x673.jpg 1024w, https:\/\/soulreplica.shop\/wp-content\/uploads\/2025\/05\/i1737213101811_2204_0_0-768x505.jpg 768w, https:\/\/soulreplica.shop\/wp-content\/uploads\/2025\/05\/i1737213101811_2204_0_0-1536x1009.jpg 1536w, https:\/\/soulreplica.shop\/wp-content\/uploads\/2025\/05\/i1737213101811_2204_0_0-2048x1345.jpg 2048w, https:\/\/soulreplica.shop\/wp-content\/uploads\/2025\/05\/i1737213101811_2204_0_0-18x12.jpg 18w, https:\/\/soulreplica.shop\/wp-content\/uploads\/2025\/05\/i1737213101811_2204_0_0-1200x788.jpg 1200w, https:\/\/soulreplica.shop\/wp-content\/uploads\/2025\/05\/i1737213101811_2204_0_0-150x99.jpg 150w\" sizes=\"(max-width: 2192px) 100vw, 2192px\" \/><\/p>","protected":false},"excerpt":{"rendered":"<table>\n<tbody>\n<tr>\n<td width=\"101\">Talla<\/td>\n<td width=\"101\">19 cm<\/td>\n<\/tr>\n<tr>\n<td width=\"101\">Material<\/td>\n<td width=\"101\">Piedra preciosa natural Plata de ley 925<\/td>\n<\/tr>\n<tr>\n<td width=\"101\">Tecnolog\u00eda<\/td>\n<td width=\"101\">Galvanoplastia<\/td>\n<\/tr>\n<\/tbody>\n<\/table>\n<p>\u00a1Cl\u00e1sico Edici\u00f3n Limitada Lucky pulsera - le puede traer buena suerte, la salud, la reputaci\u00f3n, la riqueza, el amor, es su habitual elegante con la primera opci\u00f3n!<\/p>","protected":false},"featured_media":12884,"comment_status":"open","ping_status":"closed","template":"","meta":{"_seopress_robots_primary_cat":"none","_seopress_titles_title":"","_seopress_titles_desc":"","_seopress_robots_index":"","jetpack_publicize_message":"","jetpack_publicize_feature_enabled":true,"jetpack_social_post_already_shared":true,"jetpack_social_options":{"image_generator_settings":{"template":"highway","enabled":false},"version":2}},"product_cat":[146],"product_tag":[153,164],"class_list":["post-12862","product","type-product","status-publish","has-post-thumbnail","hentry","product_cat-bracelets","product_tag-carnelian","product_tag-five-flower-bracelet"],"jetpack_publicize_connections":[],"jetpack_sharing_enabled":true,"_links":{"self":[{"href":"https:\/\/soulreplica.shop\/es\/wp-json\/wp\/v2\/product\/12862","targetHints":{"allow":["GET"]}}],"collection":[{"href":"https:\/\/soulreplica.shop\/es\/wp-json\/wp\/v2\/product"}],"about":[{"href":"https:\/\/soulreplica.shop\/es\/wp-json\/wp\/v2\/types\/product"}],"replies":[{"embeddable":true,"href":"https:\/\/soulreplica.shop\/es\/wp-json\/wp\/v2\/comments?post=12862"}],"version-history":[{"count":3,"href":"https:\/\/soulreplica.shop\/es\/wp-json\/wp\/v2\/product\/12862\/revisions"}],"predecessor-version":[{"id":12930,"href":"https:\/\/soulreplica.shop\/es\/wp-json\/wp\/v2\/product\/12862\/revisions\/12930"}],"wp:featuredmedia":[{"embeddable":true,"href":"https:\/\/soulreplica.shop\/es\/wp-json\/wp\/v2\/media\/12884"}],"wp:attachment":[{"href":"https:\/\/soulreplica.shop\/es\/wp-json\/wp\/v2\/media?parent=12862"}],"wp:term":[{"taxonomy":"product_cat","embeddable":true,"href":"https:\/\/soulreplica.shop\/es\/wp-json\/wp\/v2\/product_cat?post=12862"},{"taxonomy":"product_tag","embeddable":true,"href":"https:\/\/soulreplica.shop\/es\/wp-json\/wp\/v2\/product_tag?post=12862"}],"curies":[{"name":"wp","href":"https:\/\/api.w.org\/{rel}","templated":true}]}}