{"id":13199,"date":"2025-05-05T11:42:39","date_gmt":"2025-05-05T11:42:39","guid":{"rendered":"https:\/\/soulreplica.shop\/?post_type=product&#038;p=13199"},"modified":"2025-05-05T11:54:25","modified_gmt":"2025-05-05T11:54:25","slug":"four-leaf-clover-earrings-malachite","status":"publish","type":"product","link":"https:\/\/soulreplica.shop\/es\/producto\/four-leaf-clover-earrings-malachite\/","title":{"rendered":"Pendientes Tr\u00e9bol de cuatro hojas-malaquita"},"content":{"rendered":"<p><img alt=\"\" fetchpriority=\"high\" decoding=\"async\" class=\"alignnone size-full wp-image-13151\" src=\"http:\/\/soulreplica.shop\/wp-content\/uploads\/2025\/05\/\u5fae\u4fe1\u622a\u56fe_20250505185959.png\" width=\"1179\" height=\"466\" srcset=\"https:\/\/soulreplica.shop\/wp-content\/uploads\/2025\/05\/\u5fae\u4fe1\u622a\u56fe_20250505185959.png 1179w, https:\/\/soulreplica.shop\/wp-content\/uploads\/2025\/05\/\u5fae\u4fe1\u622a\u56fe_20250505185959-300x119.png 300w, https:\/\/soulreplica.shop\/wp-content\/uploads\/2025\/05\/\u5fae\u4fe1\u622a\u56fe_20250505185959-1024x405.png 1024w, https:\/\/soulreplica.shop\/wp-content\/uploads\/2025\/05\/\u5fae\u4fe1\u622a\u56fe_20250505185959-768x304.png 768w, https:\/\/soulreplica.shop\/wp-content\/uploads\/2025\/05\/\u5fae\u4fe1\u622a\u56fe_20250505185959-18x7.png 18w, https:\/\/soulreplica.shop\/wp-content\/uploads\/2025\/05\/\u5fae\u4fe1\u622a\u56fe_20250505185959-150x59.png 150w\" sizes=\"(max-width: 1179px) 100vw, 1179px\" \/><\/p>\n<p>Peque\u00f1o, exquisito y llamativo, la joyer\u00eda est\u00e1 bien emparejado y siempre puede hacer que la gente shine\u2728.<\/p>","protected":false},"excerpt":{"rendered":"<table>\n<tbody>\n<tr>\n<td width=\"101\">Talla<\/td>\n<td width=\"101\">Peque\u00f1o 0,9cm Mediano 1,5cm<\/td>\n<\/tr>\n<tr>\n<td width=\"101\">Material<\/td>\n<td width=\"101\">Plata 925<\/td>\n<\/tr>\n<tr>\n<td width=\"101\">Piedra preciosa<\/td>\n<td width=\"101\">Piedra natural<\/td>\n<\/tr>\n<\/tbody>\n<\/table>\n<p>El mundo entero adora este par de pendientes, \u00a1el complemento elegante m\u00e1s adecuado para usted!<\/p>","protected":false},"featured_media":13203,"comment_status":"open","ping_status":"closed","template":"","meta":{"_seopress_robots_primary_cat":"none","_seopress_titles_title":"","_seopress_titles_desc":"","_seopress_robots_index":"","jetpack_publicize_message":"","jetpack_publicize_feature_enabled":true,"jetpack_social_post_already_shared":true,"jetpack_social_options":{"image_generator_settings":{"template":"highway","enabled":false},"version":2}},"product_cat":[147],"product_tag":[151],"class_list":["post-13199","product","type-product","status-publish","has-post-thumbnail","hentry","product_cat-earrings","product_tag-malachite"],"jetpack_publicize_connections":[],"jetpack_sharing_enabled":true,"_links":{"self":[{"href":"https:\/\/soulreplica.shop\/es\/wp-json\/wp\/v2\/product\/13199","targetHints":{"allow":["GET"]}}],"collection":[{"href":"https:\/\/soulreplica.shop\/es\/wp-json\/wp\/v2\/product"}],"about":[{"href":"https:\/\/soulreplica.shop\/es\/wp-json\/wp\/v2\/types\/product"}],"replies":[{"embeddable":true,"href":"https:\/\/soulreplica.shop\/es\/wp-json\/wp\/v2\/comments?post=13199"}],"version-history":[{"count":1,"href":"https:\/\/soulreplica.shop\/es\/wp-json\/wp\/v2\/product\/13199\/revisions"}],"predecessor-version":[{"id":13222,"href":"https:\/\/soulreplica.shop\/es\/wp-json\/wp\/v2\/product\/13199\/revisions\/13222"}],"wp:featuredmedia":[{"embeddable":true,"href":"https:\/\/soulreplica.shop\/es\/wp-json\/wp\/v2\/media\/13203"}],"wp:attachment":[{"href":"https:\/\/soulreplica.shop\/es\/wp-json\/wp\/v2\/media?parent=13199"}],"wp:term":[{"taxonomy":"product_cat","embeddable":true,"href":"https:\/\/soulreplica.shop\/es\/wp-json\/wp\/v2\/product_cat?post=13199"},{"taxonomy":"product_tag","embeddable":true,"href":"https:\/\/soulreplica.shop\/es\/wp-json\/wp\/v2\/product_tag?post=13199"}],"curies":[{"name":"wp","href":"https:\/\/api.w.org\/{rel}","templated":true}]}}