{"id":13259,"date":"2025-05-06T07:10:44","date_gmt":"2025-05-06T07:10:44","guid":{"rendered":"https:\/\/soulreplica.shop\/?post_type=product&#038;p=13259"},"modified":"2025-05-06T07:13:11","modified_gmt":"2025-05-06T07:13:11","slug":"lucky-diamond-ring-platinum","status":"publish","type":"product","link":"https:\/\/soulreplica.shop\/es\/producto\/lucky-diamond-ring-platinum\/","title":{"rendered":"Anillo de diamantes de la suerte - platino"},"content":{"rendered":"<p><img alt=\"\" fetchpriority=\"high\" decoding=\"async\" class=\"alignnone size-full wp-image-13245\" src=\"http:\/\/soulreplica.shop\/wp-content\/uploads\/2025\/05\/i1665476536_3701_0.jpg\" width=\"1080\" height=\"1080\" srcset=\"https:\/\/soulreplica.shop\/wp-content\/uploads\/2025\/05\/i1665476536_3701_0.jpg 1080w, https:\/\/soulreplica.shop\/wp-content\/uploads\/2025\/05\/i1665476536_3701_0-300x300.jpg 300w, https:\/\/soulreplica.shop\/wp-content\/uploads\/2025\/05\/i1665476536_3701_0-1024x1024.jpg 1024w, https:\/\/soulreplica.shop\/wp-content\/uploads\/2025\/05\/i1665476536_3701_0-150x150.jpg 150w, https:\/\/soulreplica.shop\/wp-content\/uploads\/2025\/05\/i1665476536_3701_0-768x768.jpg 768w, https:\/\/soulreplica.shop\/wp-content\/uploads\/2025\/05\/i1665476536_3701_0-12x12.jpg 12w\" sizes=\"(max-width: 1080px) 100vw, 1080px\" \/><\/p>","protected":false},"excerpt":{"rendered":"<p>El platino est\u00e1 hecho de plata 925, que est\u00e1 llena de textura y se puede llevar durante mucho tiempo sin que se decolore. Las cuentas del borde del tr\u00e9bol de cuatro hojas est\u00e1n llenas de granos y hechas con una artesan\u00eda perfecta de oro k.<br \/>\nEl oro rosa est\u00e1 hecho de oro V y galvanoplastia de oro grueso.<\/p>","protected":false},"featured_media":13270,"comment_status":"open","ping_status":"closed","template":"","meta":{"_seopress_robots_primary_cat":"none","_seopress_titles_title":"","_seopress_titles_desc":"","_seopress_robots_index":"","jetpack_publicize_message":"","jetpack_publicize_feature_enabled":true,"jetpack_social_post_already_shared":true,"jetpack_social_options":{"image_generator_settings":{"template":"highway","enabled":false},"version":2}},"product_cat":[148],"product_tag":[170],"class_list":["post-13259","product","type-product","status-publish","has-post-thumbnail","hentry","product_cat-rings","product_tag-platinum"],"jetpack_publicize_connections":[],"jetpack_sharing_enabled":true,"_links":{"self":[{"href":"https:\/\/soulreplica.shop\/es\/wp-json\/wp\/v2\/product\/13259","targetHints":{"allow":["GET"]}}],"collection":[{"href":"https:\/\/soulreplica.shop\/es\/wp-json\/wp\/v2\/product"}],"about":[{"href":"https:\/\/soulreplica.shop\/es\/wp-json\/wp\/v2\/types\/product"}],"replies":[{"embeddable":true,"href":"https:\/\/soulreplica.shop\/es\/wp-json\/wp\/v2\/comments?post=13259"}],"version-history":[{"count":1,"href":"https:\/\/soulreplica.shop\/es\/wp-json\/wp\/v2\/product\/13259\/revisions"}],"predecessor-version":[{"id":13279,"href":"https:\/\/soulreplica.shop\/es\/wp-json\/wp\/v2\/product\/13259\/revisions\/13279"}],"wp:featuredmedia":[{"embeddable":true,"href":"https:\/\/soulreplica.shop\/es\/wp-json\/wp\/v2\/media\/13270"}],"wp:attachment":[{"href":"https:\/\/soulreplica.shop\/es\/wp-json\/wp\/v2\/media?parent=13259"}],"wp:term":[{"taxonomy":"product_cat","embeddable":true,"href":"https:\/\/soulreplica.shop\/es\/wp-json\/wp\/v2\/product_cat?post=13259"},{"taxonomy":"product_tag","embeddable":true,"href":"https:\/\/soulreplica.shop\/es\/wp-json\/wp\/v2\/product_tag?post=13259"}],"curies":[{"name":"wp","href":"https:\/\/api.w.org\/{rel}","templated":true}]}}