{"id":13280,"date":"2025-05-06T09:21:01","date_gmt":"2025-05-06T09:21:01","guid":{"rendered":"https:\/\/soulreplica.shop\/?post_type=product&#038;p=13280"},"modified":"2025-05-06T09:21:02","modified_gmt":"2025-05-06T09:21:02","slug":"medium-lucky-four-leaf-clover-ring-tricolor","status":"publish","type":"product","link":"https:\/\/soulreplica.shop\/es\/producto\/medium-lucky-four-leaf-clover-ring-tricolor\/","title":{"rendered":"Anillo Mediano Tr\u00e9bol de Cuatro Hojas de la Suerte Tricolor"},"content":{"rendered":"<p><img alt=\"\" fetchpriority=\"high\" decoding=\"async\" class=\"alignnone size-full wp-image-13283\" src=\"http:\/\/soulreplica.shop\/wp-content\/uploads\/2025\/05\/i1665478196_55_1.jpg\" width=\"1120\" height=\"1120\" srcset=\"https:\/\/soulreplica.shop\/wp-content\/uploads\/2025\/05\/i1665478196_55_1.jpg 1120w, https:\/\/soulreplica.shop\/wp-content\/uploads\/2025\/05\/i1665478196_55_1-300x300.jpg 300w, https:\/\/soulreplica.shop\/wp-content\/uploads\/2025\/05\/i1665478196_55_1-1024x1024.jpg 1024w, https:\/\/soulreplica.shop\/wp-content\/uploads\/2025\/05\/i1665478196_55_1-150x150.jpg 150w, https:\/\/soulreplica.shop\/wp-content\/uploads\/2025\/05\/i1665478196_55_1-768x768.jpg 768w, https:\/\/soulreplica.shop\/wp-content\/uploads\/2025\/05\/i1665478196_55_1-12x12.jpg 12w\" sizes=\"(max-width: 1120px) 100vw, 1120px\" \/><\/p>","protected":false},"excerpt":{"rendered":"<p>El s\u00edmbolo de la suerte est\u00e1 inspirado en el patr\u00f3n de las cuatro hojas de la suerte y est\u00e1 adornado con cuentas de oro amarillo. Se combina con n\u00e1car gris de piedra natural, n\u00e1car blanco y malaquita.<\/p>","protected":false},"featured_media":13283,"comment_status":"open","ping_status":"closed","template":"","meta":{"_seopress_robots_primary_cat":"","_seopress_titles_title":"","_seopress_titles_desc":"","_seopress_robots_index":"","jetpack_publicize_message":"","jetpack_publicize_feature_enabled":true,"jetpack_social_post_already_shared":true,"jetpack_social_options":{"image_generator_settings":{"template":"highway","enabled":false},"version":2}},"product_cat":[148],"product_tag":[],"class_list":["post-13280","product","type-product","status-publish","has-post-thumbnail","hentry","product_cat-rings"],"jetpack_publicize_connections":[],"jetpack_sharing_enabled":true,"_links":{"self":[{"href":"https:\/\/soulreplica.shop\/es\/wp-json\/wp\/v2\/product\/13280","targetHints":{"allow":["GET"]}}],"collection":[{"href":"https:\/\/soulreplica.shop\/es\/wp-json\/wp\/v2\/product"}],"about":[{"href":"https:\/\/soulreplica.shop\/es\/wp-json\/wp\/v2\/types\/product"}],"replies":[{"embeddable":true,"href":"https:\/\/soulreplica.shop\/es\/wp-json\/wp\/v2\/comments?post=13280"}],"version-history":[{"count":1,"href":"https:\/\/soulreplica.shop\/es\/wp-json\/wp\/v2\/product\/13280\/revisions"}],"predecessor-version":[{"id":13305,"href":"https:\/\/soulreplica.shop\/es\/wp-json\/wp\/v2\/product\/13280\/revisions\/13305"}],"wp:featuredmedia":[{"embeddable":true,"href":"https:\/\/soulreplica.shop\/es\/wp-json\/wp\/v2\/media\/13283"}],"wp:attachment":[{"href":"https:\/\/soulreplica.shop\/es\/wp-json\/wp\/v2\/media?parent=13280"}],"wp:term":[{"taxonomy":"product_cat","embeddable":true,"href":"https:\/\/soulreplica.shop\/es\/wp-json\/wp\/v2\/product_cat?post=13280"},{"taxonomy":"product_tag","embeddable":true,"href":"https:\/\/soulreplica.shop\/es\/wp-json\/wp\/v2\/product_tag?post=13280"}],"curies":[{"name":"wp","href":"https:\/\/api.w.org\/{rel}","templated":true}]}}