{"id":13306,"date":"2025-05-06T10:05:33","date_gmt":"2025-05-06T10:05:33","guid":{"rendered":"https:\/\/soulreplica.shop\/?post_type=product&#038;p=13306"},"modified":"2025-05-06T10:05:33","modified_gmt":"2025-05-06T10:05:33","slug":"lucky-clover-ring-with-diamond","status":"publish","type":"product","link":"https:\/\/soulreplica.shop\/es\/producto\/lucky-clover-ring-with-diamond\/","title":{"rendered":"Anillo Tr\u00e9bol de la Suerte con Diamante"},"content":{"rendered":"<p>N\u00famero-Longitud del c\u00edrculo interior-Di\u00e1metro interior<br \/>\nTalla 5-4,93cm-1,57cm<br \/>\nTalla 6-5,18cm-1,65cm<br \/>\nTalla 7-5,44cm-1,73cm<br \/>\nTalla 8-5,65cm-1,81cm<br \/>\nTalla 9-5,95cm-1,89cm<br \/>\nTalla 10-6,21cm-1,98cm<br \/>\nTalla 11-6,46cm-2,00cm<br \/>\nTalla 12-6,72cm-2,14cm<\/p>","protected":false},"excerpt":{"rendered":"<div class=\"elementor-element elementor-element-3669581 wd-single-short-desc text-left elementor-widget elementor-widget-wd_single_product_short_description\" data-id=\"3669581\" data-element_type=\"widget\" data-widget_type=\"wd_single_product_short_description.default\">\n<div class=\"elementor-widget-container\">\n<div class=\"woocommerce-product-details__short-description\">\n<p>El s\u00edmbolo de la suerte est\u00e1 inspirado en el patr\u00f3n de las cuatro hojas de la suerte y est\u00e1 adornado con cuentas de oro amarillo. Se combina con n\u00e1car gris de piedra natural, n\u00e1car blanco y malaquita.<\/p>\n<\/div>\n<\/div>\n<\/div>","protected":false},"featured_media":13317,"comment_status":"open","ping_status":"closed","template":"","meta":{"_seopress_robots_primary_cat":"","_seopress_titles_title":"","_seopress_titles_desc":"","_seopress_robots_index":"","jetpack_publicize_message":"","jetpack_publicize_feature_enabled":true,"jetpack_social_post_already_shared":true,"jetpack_social_options":{"image_generator_settings":{"template":"highway","enabled":false},"version":2}},"product_cat":[148],"product_tag":[],"class_list":["post-13306","product","type-product","status-publish","has-post-thumbnail","hentry","product_cat-rings"],"jetpack_publicize_connections":[],"jetpack_sharing_enabled":true,"_links":{"self":[{"href":"https:\/\/soulreplica.shop\/es\/wp-json\/wp\/v2\/product\/13306","targetHints":{"allow":["GET"]}}],"collection":[{"href":"https:\/\/soulreplica.shop\/es\/wp-json\/wp\/v2\/product"}],"about":[{"href":"https:\/\/soulreplica.shop\/es\/wp-json\/wp\/v2\/types\/product"}],"replies":[{"embeddable":true,"href":"https:\/\/soulreplica.shop\/es\/wp-json\/wp\/v2\/comments?post=13306"}],"version-history":[{"count":1,"href":"https:\/\/soulreplica.shop\/es\/wp-json\/wp\/v2\/product\/13306\/revisions"}],"predecessor-version":[{"id":13332,"href":"https:\/\/soulreplica.shop\/es\/wp-json\/wp\/v2\/product\/13306\/revisions\/13332"}],"wp:featuredmedia":[{"embeddable":true,"href":"https:\/\/soulreplica.shop\/es\/wp-json\/wp\/v2\/media\/13317"}],"wp:attachment":[{"href":"https:\/\/soulreplica.shop\/es\/wp-json\/wp\/v2\/media?parent=13306"}],"wp:term":[{"taxonomy":"product_cat","embeddable":true,"href":"https:\/\/soulreplica.shop\/es\/wp-json\/wp\/v2\/product_cat?post=13306"},{"taxonomy":"product_tag","embeddable":true,"href":"https:\/\/soulreplica.shop\/es\/wp-json\/wp\/v2\/product_tag?post=13306"}],"curies":[{"name":"wp","href":"https:\/\/api.w.org\/{rel}","templated":true}]}}